{"id":7,"date":"2018-07-19T16:01:04","date_gmt":"2018-07-19T16:01:04","guid":{"rendered":"https:\/\/asociacionaseci.es\/eng\/?page_id=7"},"modified":"2024-09-10T14:27:16","modified_gmt":"2024-09-10T14:27:16","slug":"home","status":"publish","type":"page","link":"https:\/\/asociacionaseci.es\/eng\/","title":{"rendered":"Home"},"content":{"rendered":"<section class=\"intro-home\" id=\"cuerpo1\">\r\n  <article class=\"cuerpo\">\r\n    <div class=\"img-resp\"><img decoding=\"async\" src=\"https:\/\/asociacionaseci.es\/eng\/wp-content\/uploads\/intro-home.jpg\"><\/div>\r\n    <div class=\"texto-izq\">\r\n      <h1 class=\"after\"><b>ASECI<\/b> is an association of independent consulting and engineering companies.<\/h1>\r\n      <p class=\"grande\">ASECI aims to bring together the medium-sized national companies in this sector specialized in the fields of infrastructure activities, architecture, installations, environment, energy and new technologies.<\/p>\r\n      <p class=\"grande\">ASECI was born out of the need of small and medium sized national engineering companies to be represented and a way to show their abilities and particularities, so that they can collaborate with the economic and social activity of our country, since their participation in the past was key for the development of consultancy and engineering in Spain, and it is considered that it will remain so in the future.<\/p>\r\n      <a href=\"who-we-are\" class=\"btn\">more info [+]<\/a>\r\n    <\/div>\r\n    <div class=\"img-der\"><img decoding=\"async\" src=\"https:\/\/asociacionaseci.es\/eng\/wp-content\/uploads\/intro-home.jpg\"><\/div>\r\n  <\/article>\r\n<\/section>\r\n<section class=\"banner-home\">\r\n  <article class=\"cuerpo\">\r\n    <h2 class=\"after\">The companies that are members of our association specialize in the following <b>activities<\/b><\/h2>\r\n    <ul>\r\n      <li><img decoding=\"async\" src=\"https:\/\/asociacionaseci.es\/eng\/wp-content\/uploads\/banner-home-infraestructuras.png\"><h3>Infrastructures<\/h3><\/li>\r\n      <li><img decoding=\"async\" src=\"https:\/\/asociacionaseci.es\/eng\/wp-content\/uploads\/banner-home-arquitectura.png\"><h3>Architecture<\/h3><\/li>\r\n      <li><img decoding=\"async\" src=\"https:\/\/asociacionaseci.es\/eng\/wp-content\/uploads\/banner-home-instalaciones.png\"><h3>Installations<\/h3><\/li>\r\n      <li><img decoding=\"async\" src=\"https:\/\/asociacionaseci.es\/eng\/wp-content\/uploads\/banner-home-medioambiente.png\"><h3>Environment<\/h3><\/li>\r\n      <li><img decoding=\"async\" src=\"https:\/\/asociacionaseci.es\/eng\/wp-content\/uploads\/banner-home-energia.png\"><h3>Energy<\/h3><\/li>\r\n      <li><img decoding=\"async\" src=\"https:\/\/asociacionaseci.es\/eng\/wp-content\/uploads\/banner-home-nuevastecnologias.png\"><h3>New technologies<\/h3><\/li>\r\n    <\/ul>\r\n    <a href=\"services\" class=\"btn\">more info [+]<\/a>\r\n  <\/article>\r\n<\/section>\r\n<section class=\"empresas-home\">\r\n  <article class=\"cuerpo\">\r\n    <h2 class=\"after\"><b>Member<\/b> companies<\/h2>\r\n    <div class=\"owl-carousel owl-theme\">\r\n      <div class=\"item\"><img decoding=\"async\" src=\"https:\/\/asociacionaseci.es\/eng\/wp-content\/uploads\/intro-asociados-logo-1.png\"><\/div>\r\n      <div class=\"item\"><img decoding=\"async\" src=\"https:\/\/asociacionaseci.es\/eng\/wp-content\/uploads\/intro-asociados-logo-8.png\"><\/div>\r\n      <div class=\"item\"><img decoding=\"async\" src=\"https:\/\/asociacionaseci.es\/eng\/wp-content\/uploads\/intro-asociados-logo-2.png\"><\/div>\r\n      <div class=\"item\"><img decoding=\"async\" src=\"https:\/\/asociacionaseci.es\/eng\/wp-content\/uploads\/logo-asociados-cfc.png\"><\/div>\r\n      <div class=\"item\"><img decoding=\"async\" src=\"https:\/\/asociacionaseci.es\/eng\/wp-content\/uploads\/intro-asociados-logo-3.png\"><\/div>\r\n      <div class=\"item\"><img decoding=\"async\" src=\"https:\/\/asociacionaseci.es\/eng\/wp-content\/uploads\/intro-asociados-logo-4.png\"><\/div>\r\n      <div class=\"item\"><img decoding=\"async\" src=\"https:\/\/asociacionaseci.es\/eng\/wp-content\/uploads\/logo-asociados-einovo.png\"><\/div>\r\n      <div class=\"item\"><img decoding=\"async\" src=\"https:\/\/asociacionaseci.es\/eng\/wp-content\/uploads\/logo-asociados-eis-guia.png\"><\/div>\r\n      <div class=\"item\"><img decoding=\"async\" src=\"https:\/\/asociacionaseci.es\/wp-content\/uploads\/eurotecnica-1.jpg\"><\/div>\r\n      <div class=\"item\"><img decoding=\"async\" src=\"https:\/\/asociacionaseci.es\/eng\/wp-content\/uploads\/intro-asociados-logo-5.png\"><\/div>\r\n      <div class=\"item\"><img decoding=\"async\" src=\"https:\/\/asociacionaseci.es\/eng\/wp-content\/uploads\/intro-asociados-logo-6.png\"><\/div>\r\n      <div class=\"item\"><img decoding=\"async\" src=\"https:\/\/asociacionaseci.es\/eng\/wp-content\/uploads\/intro-asociados-logo-7.png\"><\/div>\r\n      <div class=\"item\"><img decoding=\"async\" src=\"https:\/\/asociacionaseci.es\/wp-content\/uploads\/imagina-mas-slider.jpg\"><\/div>\r\n      <div class=\"item\"><img decoding=\"async\" src=\"https:\/\/asociacionaseci.es\/eng\/wp-content\/uploads\/intro-asociados-logo-9.png\"><\/div>\r\n      <div class=\"item\"><img decoding=\"async\" src=\"https:\/\/asociacionaseci.es\/eng\/wp-content\/uploads\/logo-asociados-krean.png\"><\/div>\r\n      <div class=\"item\"><img decoding=\"async\" src=\"https:\/\/asociacionaseci.es\/eng\/wp-content\/uploads\/logo-asociados-lra.png\"><\/div>\r\n      <div class=\"item\"><img decoding=\"async\" src=\"https:\/\/asociacionaseci.es\/eng\/wp-content\/uploads\/intro-asociados-logo-17.png\"><\/div>\r\n      <div class=\"item\"><img decoding=\"async\" src=\"https:\/\/asociacionaseci.es\/eng\/wp-content\/uploads\/intro-asociados-logo-12.png\"><\/div>\r\n      <div class=\"item\"><img decoding=\"async\" src=\"https:\/\/asociacionaseci.es\/wp-content\/uploads\/quanat-slider.jpg\"><\/div>\r\n      <div class=\"item\"><img decoding=\"async\" src=\"https:\/\/asociacionaseci.es\/eng\/wp-content\/uploads\/intro-asociados-logo-16.png\"><\/div>\r\n      <div class=\"item\"><img decoding=\"async\" src=\"https:\/\/asociacionaseci.es\/eng\/wp-content\/uploads\/intro-asociados-logo-15.png\"><\/div>\r\n      <div class=\"item\"><img decoding=\"async\" src=\"https:\/\/asociacionaseci.es\/eng\/wp-content\/uploads\/logo-asociados-valorest.png\"><\/div>\r\n      <!--<div class=\"item\"><img decoding=\"async\" src=\"https:\/\/asociacionaseci.es\/eng\/wp-content\/uploads\/empresas-home-alauda.jpg\"><\/div>\r\n      <div class=\"item\"><img decoding=\"async\" src=\"https:\/\/asociacionaseci.es\/eng\/wp-content\/uploads\/empresas-home-cemosa.jpg\"><\/div>\r\n      <div class=\"item\"><img decoding=\"async\" src=\"https:\/\/asociacionaseci.es\/eng\/wp-content\/uploads\/empresas-home-consultrans.jpg\"><\/div>\r\n      <div class=\"item\"><img decoding=\"async\" src=\"https:\/\/asociacionaseci.es\/eng\/wp-content\/uploads\/empresas-home-epypsa.jpg\"><\/div>\r\n      <div class=\"item\"><img decoding=\"async\" src=\"https:\/\/asociacionaseci.es\/eng\/wp-content\/uploads\/empresas-home-goc.jpg\"><\/div>-->\r\n  <\/div>\r\n  <\/article>\r\n<\/section>\r\n<section class=\"blog-home\">\r\n    <article class=\"cuerpo\">\r\n        <h2 class=\"intro\">Our <b>new products<\/b><\/h2>\r\n        <div class=\"cajon-novedades\"><style>.wp-show-posts-columns#wpsp-114 {margin-left: -2em; }.wp-show-posts-columns#wpsp-114 .wp-show-posts-inner {margin: 0 0 2em 2em; }<\/style><section id=\"wpsp-114\" class=\" wp-show-posts-columns wp-show-posts\" style=\"\"><article class=\" wp-show-posts-single post-750 post type-post status-publish format-standard has-post-thumbnail hentry category-sin-categoria wpsp-col-4\" itemtype=\"http:\/\/schema.org\/CreativeWork\" itemscope><div class=\"wp-show-posts-inner\" style=\"\">\t\t<div class=\"wp-show-posts-image  wpsp-image-center \">\n\t\t\t<a href=\"https:\/\/asociacionaseci.es\/eng\/merkel-combate-la-recesion-con-un-plan-verde-de-54-000-millones-de-euros\/\"  title=\"Merkel combate la recesi\u00f3n con un plan verde de 54.000 millones de euros\"><img loading=\"lazy\" decoding=\"async\" width=\"931\" height=\"365\" src=\"https:\/\/asociacionaseci.es\/eng\/wp-content\/uploads\/Angela-Merkel-Blog.jpg\" class=\"attachment-full size-full wp-post-image\" alt=\"\" itemprop=\"image\" srcset=\"https:\/\/asociacionaseci.es\/eng\/wp-content\/uploads\/Angela-Merkel-Blog.jpg 931w, https:\/\/asociacionaseci.es\/eng\/wp-content\/uploads\/Angela-Merkel-Blog-768x301.jpg 768w\" sizes=\"auto, (max-width: 931px) 100vw, 931px\" \/><\/a>\t\t<\/div>\n\t\t\t\t\t\t\t\t<header class=\"wp-show-posts-entry-header\">\n\t\t\t\t\t\t\t<h2 class=\"wp-show-posts-entry-title\" itemprop=\"headline\"><a href=\"https:\/\/asociacionaseci.es\/eng\/merkel-combate-la-recesion-con-un-plan-verde-de-54-000-millones-de-euros\/\" rel=\"bookmark\">Merkel combate la recesi\u00f3n con un plan verde de 54.000 millones de euros<\/a><\/h2>\t\t\t\t\t\t<\/header><!-- .entry-header -->\n\t\t\t\t\t\t\t\t\t\t\t<div class=\"wp-show-posts-entry-summary\" itemprop=\"text\">\n\t\t\t\t\t\t\tEl precio de la tonelada de CO2 -gasolina, di\u00e9sel, gas y combustible para calefacciones- ser\u00e1 de 10 euros para empezar y se ir\u00e1 incrementando a los 35 euros hasta 2025 Alemania destinar\u00e1 54.000 millones de euros los pr\u00f3ximos cuatro a\u00f1os&#8230;\t\t\t\t\t\t<\/div><!-- .entry-summary -->\n\t\t\t\t\t<div class=\"wpsp-read-more\"><a title=\"Merkel combate la recesi\u00f3n con un plan verde de 54.000 millones de euros\" class=\"btn-leer-mas\" href=\"https:\/\/asociacionaseci.es\/eng\/merkel-combate-la-recesion-con-un-plan-verde-de-54-000-millones-de-euros\/\">Read more<\/a><\/div><\/div><!-- wp-show-posts-inner --><\/article><article class=\" wp-show-posts-single post-671 post type-post status-publish format-standard has-post-thumbnail hentry category-sin-categoria wpsp-col-4\" itemtype=\"http:\/\/schema.org\/CreativeWork\" itemscope><div class=\"wp-show-posts-inner\" style=\"\">\t\t<div class=\"wp-show-posts-image  wpsp-image-center \">\n\t\t\t<a href=\"https:\/\/asociacionaseci.es\/eng\/el-ayuntamiento-de-madrid-anuncia-que-estudiara-el-soterramiento-de-la-gran-via-como-exigia-vox\/\"  title=\"El Ayuntamiento de Madrid anuncia que estudiar\u00e1 el soterramiento de la Gran V\u00eda como exig\u00eda Vox\"><img loading=\"lazy\" decoding=\"async\" width=\"931\" height=\"365\" src=\"https:\/\/asociacionaseci.es\/eng\/wp-content\/uploads\/Gran-Via-Blog.jpg\" class=\"attachment-full size-full wp-post-image\" alt=\"\" itemprop=\"image\" srcset=\"https:\/\/asociacionaseci.es\/eng\/wp-content\/uploads\/Gran-Via-Blog.jpg 931w, https:\/\/asociacionaseci.es\/eng\/wp-content\/uploads\/Gran-Via-Blog-768x301.jpg 768w\" sizes=\"auto, (max-width: 931px) 100vw, 931px\" \/><\/a>\t\t<\/div>\n\t\t\t\t\t\t\t\t<header class=\"wp-show-posts-entry-header\">\n\t\t\t\t\t\t\t<h2 class=\"wp-show-posts-entry-title\" itemprop=\"headline\"><a href=\"https:\/\/asociacionaseci.es\/eng\/el-ayuntamiento-de-madrid-anuncia-que-estudiara-el-soterramiento-de-la-gran-via-como-exigia-vox\/\" rel=\"bookmark\">El Ayuntamiento de Madrid anuncia que estudiar\u00e1 el soterramiento de la Gran V\u00eda como exig\u00eda Vox<\/a><\/h2>\t\t\t\t\t\t<\/header><!-- .entry-header -->\n\t\t\t\t\t\t\t\t\t\t\t<div class=\"wp-show-posts-entry-summary\" itemprop=\"text\">\n\t\t\t\t\t\t\tLos socialistas califican de &#8220;co\u00f1a&#8221; el anuncio de la delegada de Obras y Equipamientos, Paloma Garc\u00eda Un &#8220;concurso p\u00fablico y abierto&#8221; analizar\u00e1 la viabilidad del soterramiento de la Gran V\u00eda de Madrid, seg\u00fan ha avanzado este mi\u00e9rcoles la delegada de&#8230;\t\t\t\t\t\t<\/div><!-- .entry-summary -->\n\t\t\t\t\t<div class=\"wpsp-read-more\"><a title=\"El Ayuntamiento de Madrid anuncia que estudiar\u00e1 el soterramiento de la Gran V\u00eda como exig\u00eda Vox\" class=\"btn-leer-mas\" href=\"https:\/\/asociacionaseci.es\/eng\/el-ayuntamiento-de-madrid-anuncia-que-estudiara-el-soterramiento-de-la-gran-via-como-exigia-vox\/\">Read more<\/a><\/div><\/div><!-- wp-show-posts-inner --><\/article><div class=\"wpsp-clear\"><\/div><\/section><!-- .wp-show-posts --><\/div>\r\n    <\/article>\r\n<\/section>","protected":false},"excerpt":{"rendered":"ASECI is an association of independent consulting and engineering companies. ASECI aims to bring together the medium-sized national companies in this sector specialized in the fields of infrastructure activities, architecture, installations, environment, energy and new technologies. ASECI was born out of the need of small and medium sized national engineering companies to be represented and [&hellip;]","protected":false},"author":2,"featured_media":0,"parent":0,"menu_order":0,"comment_status":"closed","ping_status":"closed","template":"","meta":{"footnotes":""},"class_list":["post-7","page","type-page","status-publish","hentry"],"_links":{"self":[{"href":"https:\/\/asociacionaseci.es\/eng\/wp-json\/wp\/v2\/pages\/7","targetHints":{"allow":["GET"]}}],"collection":[{"href":"https:\/\/asociacionaseci.es\/eng\/wp-json\/wp\/v2\/pages"}],"about":[{"href":"https:\/\/asociacionaseci.es\/eng\/wp-json\/wp\/v2\/types\/page"}],"author":[{"embeddable":true,"href":"https:\/\/asociacionaseci.es\/eng\/wp-json\/wp\/v2\/users\/2"}],"replies":[{"embeddable":true,"href":"https:\/\/asociacionaseci.es\/eng\/wp-json\/wp\/v2\/comments?post=7"}],"version-history":[{"count":99,"href":"https:\/\/asociacionaseci.es\/eng\/wp-json\/wp\/v2\/pages\/7\/revisions"}],"predecessor-version":[{"id":846,"href":"https:\/\/asociacionaseci.es\/eng\/wp-json\/wp\/v2\/pages\/7\/revisions\/846"}],"wp:attachment":[{"href":"https:\/\/asociacionaseci.es\/eng\/wp-json\/wp\/v2\/media?parent=7"}],"curies":[{"name":"wp","href":"https:\/\/api.w.org\/{rel}","templated":true}]}}